{"id":4305,"date":"2026-04-23T22:52:41","date_gmt":"2026-04-23T20:52:41","guid":{"rendered":"https:\/\/parisluxurystay.com\/?page_id=4305"},"modified":"2026-05-05T14:55:44","modified_gmt":"2026-05-05T12:55:44","slug":"blog","status":"publish","type":"page","link":"https:\/\/parisluxurystay.com\/en\/blog\/","title":{"rendered":"Blog"},"content":{"rendered":"\t\t<div data-elementor-type=\"wp-page\" data-elementor-id=\"4305\" class=\"elementor elementor-4305\" data-elementor-post-type=\"page\">\n\t\t\t\t<div class=\"elementor-element elementor-element-b7f161c e-con-full e-flex e-con e-parent\" data-id=\"b7f161c\" data-element_type=\"container\" data-e-type=\"container\" data-settings=\"{&quot;background_background&quot;:&quot;slideshow&quot;,&quot;background_slideshow_gallery&quot;:[{&quot;id&quot;:4123,&quot;url&quot;:&quot;https:\\\/\\\/parisluxurystay.com\\\/wp-content\\\/uploads\\\/2026\\\/04\\\/appartement-palais-royal-paris-home-sweet-home-mh9a8214.jpg&quot;},{&quot;id&quot;:4096,&quot;url&quot;:&quot;https:\\\/\\\/parisluxurystay.com\\\/wp-content\\\/uploads\\\/2026\\\/04\\\/appartement-richelieu-paris-home-sweet-home-mh9a8542.jpg&quot;},{&quot;id&quot;:4063,&quot;url&quot;:&quot;https:\\\/\\\/parisluxurystay.com\\\/wp-content\\\/uploads\\\/2026\\\/04\\\/appartement-victoires-paris-home-sweet-home-mh9a7468.jpg&quot;}],&quot;background_slideshow_loop&quot;:&quot;yes&quot;,&quot;background_slideshow_slide_duration&quot;:5000,&quot;background_slideshow_slide_transition&quot;:&quot;fade&quot;,&quot;background_slideshow_transition_duration&quot;:500}\">\n\t\t<div class=\"elementor-element elementor-element-71e3e91 e-flex e-con-boxed e-con e-child\" data-id=\"71e3e91\" data-element_type=\"container\" data-e-type=\"container\">\n\t\t\t\t\t<div class=\"e-con-inner\">\n\t\t\t\t<div class=\"elementor-element elementor-element-79f1b47 elementor-widget elementor-widget-text-editor\" data-id=\"79f1b47\" data-element_type=\"widget\" data-e-type=\"widget\" data-widget_type=\"text-editor.default\">\n\t\t\t\t\t\t\t\t\t<div style='font-size:12px;letter-spacing:2px;text-transform:uppercase;'>Services &#038; exp\u00e9rience<\/div>\t\t\t\t\t\t\t\t<\/div>\n\t\t\t\t<div class=\"elementor-element elementor-element-2ece6fb elementor-widget elementor-widget-heading\" data-id=\"2ece6fb\" data-element_type=\"widget\" data-e-type=\"widget\" data-widget_type=\"heading.default\">\n\t\t\t\t\t<h1 class=\"elementor-heading-title elementor-size-default\">Nos adresses confidentielles<\/h1>\t\t\t\t<\/div>\n\t\t\t\t<div class=\"elementor-element elementor-element-574f147 elementor-widget elementor-widget-text-editor\" data-id=\"574f147\" data-element_type=\"widget\" data-e-type=\"widget\" data-widget_type=\"text-editor.default\">\n\t\t\t\t\t\t\t\t\t<p>Nos adresses confidentielles, proches des appartements<\/p>\t\t\t\t\t\t\t\t<\/div>\n\t\t<div class=\"elementor-element elementor-element-ec45059 e-con-full e-flex e-con e-child\" data-id=\"ec45059\" data-element_type=\"container\" data-e-type=\"container\">\n\t\t\t\t<div class=\"elementor-element elementor-element-4825a6e elementor-align-center elementor-widget__width-auto elementor-widget elementor-widget-button\" data-id=\"4825a6e\" data-element_type=\"widget\" data-e-type=\"widget\" data-widget_type=\"button.default\">\n\t\t\t\t\t\t\t\t\t\t<a class=\"elementor-button elementor-button-link elementor-size-sm\" href=\"\/reservation\/\">\n\t\t\t\t\t\t<span class=\"elementor-button-content-wrapper\">\n\t\t\t\t\t\t\t\t\t<span class=\"elementor-button-text\">R\u00e9server<\/span>\n\t\t\t\t\t<\/span>\n\t\t\t\t\t<\/a>\n\t\t\t\t\t\t\t\t<\/div>\n\t\t\t\t<div class=\"elementor-element elementor-element-5b8ef40 elementor-align-center elementor-widget__width-auto elementor-widget elementor-widget-button\" data-id=\"5b8ef40\" data-element_type=\"widget\" data-e-type=\"widget\" data-widget_type=\"button.default\">\n\t\t\t\t\t\t\t\t\t\t<a class=\"elementor-button elementor-button-link elementor-size-sm\" href=\"\/appartements\/\">\n\t\t\t\t\t\t<span class=\"elementor-button-content-wrapper\">\n\t\t\t\t\t\t\t\t\t<span class=\"elementor-button-text\">D\u00e9couvrir nos appartements<\/span>\n\t\t\t\t\t<\/span>\n\t\t\t\t\t<\/a>\n\t\t\t\t\t\t\t\t<\/div>\n\t\t\t\t<\/div>\n\t\t\t\t\t<\/div>\n\t\t\t\t<\/div>\n\t\t\t\t<\/div>\n\t\t<div class=\"elementor-element elementor-element-067987d e-flex e-con-boxed e-con e-parent\" data-id=\"067987d\" data-element_type=\"container\" data-e-type=\"container\">\n\t\t\t\t\t<div class=\"e-con-inner\">\n\t\t\t\t<div class=\"elementor-element elementor-element-1ba386d elementor-grid-1 elementor-grid-tablet-2 elementor-grid-mobile-1 elementor-widget elementor-widget-loop-grid\" data-id=\"1ba386d\" data-element_type=\"widget\" data-e-type=\"widget\" data-settings=\"{&quot;template_id&quot;:4310,&quot;columns&quot;:1,&quot;_skin&quot;:&quot;post&quot;,&quot;columns_tablet&quot;:&quot;2&quot;,&quot;columns_mobile&quot;:&quot;1&quot;,&quot;edit_handle_selector&quot;:&quot;[data-elementor-type=\\&quot;loop-item\\&quot;]&quot;,&quot;row_gap&quot;:{&quot;unit&quot;:&quot;px&quot;,&quot;size&quot;:&quot;&quot;,&quot;sizes&quot;:[]},&quot;row_gap_tablet&quot;:{&quot;unit&quot;:&quot;px&quot;,&quot;size&quot;:&quot;&quot;,&quot;sizes&quot;:[]},&quot;row_gap_mobile&quot;:{&quot;unit&quot;:&quot;px&quot;,&quot;size&quot;:&quot;&quot;,&quot;sizes&quot;:[]}}\" data-widget_type=\"loop-grid.post\">\n\t\t\t\t<div class=\"elementor-widget-container\">\n\t\t\t\t\t\t\t<div class=\"elementor-loop-container elementor-grid\" role=\"list\">\n\t\t<style id=\"loop-4310\">.elementor-4310 .elementor-element.elementor-element-9504bc0{--display:flex;--flex-direction:column;--container-widget-width:100%;--container-widget-height:initial;--container-widget-flex-grow:0;--container-widget-align-self:initial;--flex-wrap-mobile:wrap;}.elementor-4310 .elementor-element.elementor-element-2447349 .elementor-posts-container .elementor-post__thumbnail{padding-bottom:calc( 0.99 * 100% );}.elementor-4310 .elementor-element.elementor-element-2447349:after{content:\"0.99\";}.elementor-4310 .elementor-element.elementor-element-2447349 .elementor-post__thumbnail__link{width:100%;}.elementor-4310 .elementor-element.elementor-element-2447349{--grid-column-gap:40px;--grid-row-gap:45px;}.elementor-4310 .elementor-element.elementor-element-2447349.elementor-posts--thumbnail-left .elementor-post__thumbnail__link{margin-right:20px;}.elementor-4310 .elementor-element.elementor-element-2447349.elementor-posts--thumbnail-right .elementor-post__thumbnail__link{margin-left:20px;}.elementor-4310 .elementor-element.elementor-element-2447349.elementor-posts--thumbnail-top .elementor-post__thumbnail__link{margin-bottom:20px;}.elementor-4310 .elementor-element.elementor-element-2447349 .elementor-post__title, .elementor-4310 .elementor-element.elementor-element-2447349 .elementor-post__title a{color:var( --e-global-color-primary );font-family:\"Marcellus\", Sans-serif;font-size:27px;font-weight:400;line-height:1em;}.elementor-4310 .elementor-element.elementor-element-2447349 > .elementor-widget-container{margin:10px 0px 0px 0px;}@media(max-width:1024px){.elementor-4310 .elementor-element.elementor-element-2447349 .elementor-post__title, .elementor-4310 .elementor-element.elementor-element-2447349 .elementor-post__title a{font-size:40px;line-height:1em;}}@media(max-width:767px){.elementor-4310 .elementor-element.elementor-element-2447349 .elementor-posts-container .elementor-post__thumbnail{padding-bottom:calc( 0.5 * 100% );}.elementor-4310 .elementor-element.elementor-element-2447349:after{content:\"0.5\";}.elementor-4310 .elementor-element.elementor-element-2447349 .elementor-post__thumbnail__link{width:100%;}.elementor-4310 .elementor-element.elementor-element-2447349 .elementor-post__title, .elementor-4310 .elementor-element.elementor-element-2447349 .elementor-post__title a{font-size:30px;line-height:1em;}}<\/style>\t\t<div data-elementor-type=\"loop-item\" data-elementor-id=\"4310\" class=\"elementor elementor-4310 e-loop-item e-loop-item-4619 post-4619 post type-post status-publish format-standard has-post-thumbnail hentry category-non-classe\" data-elementor-post-type=\"elementor_library\" data-custom-edit-handle=\"1\">\n\t\t\t<div class=\"elementor-element elementor-element-9504bc0 e-flex e-con-boxed e-con e-parent\" data-id=\"9504bc0\" data-element_type=\"container\" data-e-type=\"container\">\n\t\t\t\t\t<div class=\"e-con-inner\">\n\t\t\t\t<div class=\"elementor-element elementor-element-2447349 elementor-grid-3 elementor-grid-tablet-2 elementor-grid-mobile-1 elementor-posts--thumbnail-top elementor-widget elementor-widget-posts\" data-id=\"2447349\" data-element_type=\"widget\" data-e-type=\"widget\" data-settings=\"{&quot;classic_row_gap&quot;:{&quot;unit&quot;:&quot;px&quot;,&quot;size&quot;:45,&quot;sizes&quot;:[]},&quot;classic_columns&quot;:&quot;3&quot;,&quot;classic_columns_tablet&quot;:&quot;2&quot;,&quot;classic_columns_mobile&quot;:&quot;1&quot;,&quot;classic_row_gap_tablet&quot;:{&quot;unit&quot;:&quot;px&quot;,&quot;size&quot;:&quot;&quot;,&quot;sizes&quot;:[]},&quot;classic_row_gap_mobile&quot;:{&quot;unit&quot;:&quot;px&quot;,&quot;size&quot;:&quot;&quot;,&quot;sizes&quot;:[]}}\" data-widget_type=\"posts.classic\">\n\t\t\t\t<div class=\"elementor-widget-container\">\n\t\t\t\t\t\t\t<div class=\"elementor-posts-container elementor-posts elementor-posts--skin-classic elementor-grid\" role=\"list\">\n\t\t\t\t<article class=\"elementor-post elementor-grid-item post-4619 post type-post status-publish format-standard has-post-thumbnail hentry category-non-classe\" role=\"listitem\">\n\t\t\t\t<a class=\"elementor-post__thumbnail__link\" href=\"https:\/\/parisluxurystay.com\/en\/4619-2\/\" tabindex=\"-1\" >\n\t\t\t<div class=\"elementor-post__thumbnail\"><img fetchpriority=\"high\" decoding=\"async\" width=\"800\" height=\"534\" src=\"https:\/\/parisluxurystay.com\/wp-content\/uploads\/2026\/04\/photo_9aa32b4075a91d01729a16a0b6adaa8c-1024x683.jpg\" class=\"attachment-large size-large wp-image-4497\" alt=\"\" srcset=\"https:\/\/parisluxurystay.com\/wp-content\/uploads\/2026\/04\/photo_9aa32b4075a91d01729a16a0b6adaa8c-1024x683.jpg 1024w, https:\/\/parisluxurystay.com\/wp-content\/uploads\/2026\/04\/photo_9aa32b4075a91d01729a16a0b6adaa8c-300x200.jpg 300w, https:\/\/parisluxurystay.com\/wp-content\/uploads\/2026\/04\/photo_9aa32b4075a91d01729a16a0b6adaa8c-768x512.jpg 768w, https:\/\/parisluxurystay.com\/wp-content\/uploads\/2026\/04\/photo_9aa32b4075a91d01729a16a0b6adaa8c-1536x1024.jpg 1536w, https:\/\/parisluxurystay.com\/wp-content\/uploads\/2026\/04\/photo_9aa32b4075a91d01729a16a0b6adaa8c-2048x1365.jpg 2048w\" sizes=\"(max-width: 800px) 100vw, 800px\" \/><\/div>\n\t\t<\/a>\n\t\t\t\t<div class=\"elementor-post__text\">\n\t\t\t\t<h3 class=\"elementor-post__title\">\n\t\t\t<a href=\"https:\/\/parisluxurystay.com\/en\/4619-2\/\" >\n\t\t\t\tD\u00e9couverte du passage Sainte-Anne et du quartier japonais\t\t\t<\/a>\n\t\t<\/h3>\n\t\t\t\t<div class=\"elementor-post__excerpt\">\n\t\t\t<p>\u00c0 la d\u00e9couverte du passage Sainte-Anne et du quartier japonais\u00a0 \u00e0 Paris Le c\u0153ur du 2e arrondissement de Paris attire les fl\u00e2neurs curieux par son<\/p>\n\t\t<\/div>\n\t\t\n\t\t<a class=\"elementor-post__read-more\" href=\"https:\/\/parisluxurystay.com\/en\/4619-2\/\" aria-label=\"Read more about D\u00e9couverte du passage Sainte-Anne et du quartier japonais\" tabindex=\"-1\" >\n\t\t\tLire la suite \u00bb\t\t<\/a>\n\n\t\t\t\t<\/div>\n\t\t\t\t<\/article>\n\t\t\t\t<article class=\"elementor-post elementor-grid-item post-4303 post type-post status-publish format-standard has-post-thumbnail hentry category-non-classe\" role=\"listitem\">\n\t\t\t\t<a class=\"elementor-post__thumbnail__link\" href=\"https:\/\/parisluxurystay.com\/en\/une-adresse-le-palais-royal\/\" tabindex=\"-1\" >\n\t\t\t<div class=\"elementor-post__thumbnail\"><img decoding=\"async\" width=\"768\" height=\"1024\" src=\"https:\/\/parisluxurystay.com\/wp-content\/uploads\/2026\/03\/palais-royal-paris-2-768x1024.jpg\" class=\"attachment-large size-large wp-image-3152\" alt=\"empty hallway between columns\" srcset=\"https:\/\/parisluxurystay.com\/wp-content\/uploads\/2026\/03\/palais-royal-paris-2-768x1024.jpg 768w, https:\/\/parisluxurystay.com\/wp-content\/uploads\/2026\/03\/palais-royal-paris-2-225x300.jpg 225w, https:\/\/parisluxurystay.com\/wp-content\/uploads\/2026\/03\/palais-royal-paris-2.jpg 900w\" sizes=\"(max-width: 768px) 100vw, 768px\" \/><\/div>\n\t\t<\/a>\n\t\t\t\t<div class=\"elementor-post__text\">\n\t\t\t\t<h3 class=\"elementor-post__title\">\n\t\t\t<a href=\"https:\/\/parisluxurystay.com\/en\/une-adresse-le-palais-royal\/\" >\n\t\t\t\tUne adresse : le Palais Royal\t\t\t<\/a>\n\t\t<\/h3>\n\t\t\t\t<div class=\"elementor-post__excerpt\">\n\t\t\t<p>Blog Home Sweet Home Une adresse \u00e0 part autour de Home Sweet Home : le Palais Royal \u00c0 quelques minutes de Home Sweet Home Paris<\/p>\n\t\t<\/div>\n\t\t\n\t\t<a class=\"elementor-post__read-more\" href=\"https:\/\/parisluxurystay.com\/en\/une-adresse-le-palais-royal\/\" aria-label=\"Read more about Une adresse : le Palais Royal\" tabindex=\"-1\" >\n\t\t\tLire la suite \u00bb\t\t<\/a>\n\n\t\t\t\t<\/div>\n\t\t\t\t<\/article>\n\t\t\t\t<article class=\"elementor-post elementor-grid-item post-4301 post type-post status-publish format-standard has-post-thumbnail hentry category-non-classe\" role=\"listitem\">\n\t\t\t\t<a class=\"elementor-post__thumbnail__link\" href=\"https:\/\/parisluxurystay.com\/en\/la-galerie-vivienne\/\" tabindex=\"-1\" >\n\t\t\t<div class=\"elementor-post__thumbnail\"><img decoding=\"async\" width=\"768\" height=\"1024\" src=\"https:\/\/parisluxurystay.com\/wp-content\/uploads\/2026\/03\/galerie-vivienne-1-768x1024.jpg\" class=\"attachment-large size-large wp-image-3160\" alt=\"white painted room\" srcset=\"https:\/\/parisluxurystay.com\/wp-content\/uploads\/2026\/03\/galerie-vivienne-1-768x1024.jpg 768w, https:\/\/parisluxurystay.com\/wp-content\/uploads\/2026\/03\/galerie-vivienne-1-225x300.jpg 225w, https:\/\/parisluxurystay.com\/wp-content\/uploads\/2026\/03\/galerie-vivienne-1.jpg 900w\" sizes=\"(max-width: 768px) 100vw, 768px\" \/><\/div>\n\t\t<\/a>\n\t\t\t\t<div class=\"elementor-post__text\">\n\t\t\t\t<h3 class=\"elementor-post__title\">\n\t\t\t<a href=\"https:\/\/parisluxurystay.com\/en\/la-galerie-vivienne\/\" >\n\t\t\t\tla Galerie Vivienne\t\t\t<\/a>\n\t\t<\/h3>\n\t\t\t\t<div class=\"elementor-post__excerpt\">\n\t\t\t<p>Blog Home Sweet Home Une adresse confidentielle \u00e0 d\u00e9couvrir : la Galerie Vivienne \u00c0 quelques minutes de Home Sweet Home Paris Luxury Stay, la Galerie<\/p>\n\t\t<\/div>\n\t\t\n\t\t<a class=\"elementor-post__read-more\" href=\"https:\/\/parisluxurystay.com\/en\/la-galerie-vivienne\/\" aria-label=\"Read more about la Galerie Vivienne\" tabindex=\"-1\" >\n\t\t\tLire la suite \u00bb\t\t<\/a>\n\n\t\t\t\t<\/div>\n\t\t\t\t<\/article>\n\t\t\t\t<\/div>\n\t\t\n\t\t\t\t\t\t<\/div>\n\t\t\t\t<\/div>\n\t\t\t\t\t<\/div>\n\t\t\t\t<\/div>\n\t\t\t\t<\/div>\n\t\t\t\t<\/div>\n\t\t\n\t\t\t\t\t\t<\/div>\n\t\t\t\t<\/div>\n\t\t\t\t\t<\/div>\n\t\t\t\t<\/div>\n\t\t\t\t<\/div>\n\t\t","protected":false},"excerpt":{"rendered":"<p>Services &amp; experience Our confidential addresses Our confidential addresses, close to the apartments Book Discover our apartments<\/p>","protected":false},"author":1,"featured_media":4223,"parent":0,"menu_order":0,"comment_status":"closed","ping_status":"closed","template":"","meta":{"footnotes":""},"class_list":["post-4305","page","type-page","status-publish","has-post-thumbnail","hentry"],"yoast_head":"<!-- This site is optimized with the Yoast SEO plugin v27.5 - https:\/\/yoast.com\/product\/yoast-seo-wordpress\/ -->\n<title>Blog | Paris Luxury Stay |\u00a0Home Sweet Home<\/title>\n<meta name=\"description\" content=\"Blog: conseils, adresses confidentielles et services pour louer un appartement meubl\u00e9 de luxe \u00e0 Paris. En savoir plus.\" \/>\n<meta name=\"robots\" content=\"index, follow, max-snippet:-1, max-image-preview:large, max-video-preview:-1\" \/>\n<link rel=\"canonical\" href=\"https:\/\/parisluxurystay.com\/en\/blog\/\" \/>\n<meta property=\"og:locale\" content=\"en_US\" \/>\n<meta property=\"og:type\" content=\"article\" \/>\n<meta property=\"og:title\" content=\"Blog | Paris Luxury Stay |\u00a0Home Sweet Home\" \/>\n<meta property=\"og:description\" content=\"Blog: conseils, adresses confidentielles et services pour louer un appartement meubl\u00e9 de luxe \u00e0 Paris. En savoir plus.\" \/>\n<meta property=\"og:url\" content=\"https:\/\/parisluxurystay.com\/en\/blog\/\" \/>\n<meta property=\"og:site_name\" content=\"Paris Luxury Stay |\u00a0Home Sweet Home\" \/>\n<meta property=\"article:modified_time\" content=\"2026-05-05T12:55:44+00:00\" \/>\n<meta property=\"og:image\" content=\"https:\/\/parisluxurystay.com\/wp-content\/uploads\/2026\/04\/appartement-richelieu-paris-home-sweet-home-mh9a8426-2.jpg\" \/>\n\t<meta property=\"og:image:width\" content=\"2200\" \/>\n\t<meta property=\"og:image:height\" content=\"1467\" \/>\n\t<meta property=\"og:image:type\" content=\"image\/jpeg\" \/>\n<meta name=\"twitter:card\" content=\"summary_large_image\" \/>\n<meta name=\"twitter:label1\" content=\"Est. reading time\" \/>\n\t<meta name=\"twitter:data1\" content=\"1 minute\" \/>\n<script type=\"application\/ld+json\" class=\"yoast-schema-graph\">{\"@context\":\"https:\\\/\\\/schema.org\",\"@graph\":[{\"@type\":\"WebPage\",\"@id\":\"https:\\\/\\\/parisluxurystay.com\\\/blog\\\/\",\"url\":\"https:\\\/\\\/parisluxurystay.com\\\/blog\\\/\",\"name\":\"Blog | Paris Luxury Stay |\u00a0Home Sweet Home\",\"isPartOf\":{\"@id\":\"https:\\\/\\\/parisluxurystay.com\\\/#website\"},\"primaryImageOfPage\":{\"@id\":\"https:\\\/\\\/parisluxurystay.com\\\/blog\\\/#primaryimage\"},\"image\":{\"@id\":\"https:\\\/\\\/parisluxurystay.com\\\/blog\\\/#primaryimage\"},\"thumbnailUrl\":\"https:\\\/\\\/parisluxurystay.com\\\/wp-content\\\/uploads\\\/2026\\\/04\\\/appartement-richelieu-paris-home-sweet-home-mh9a8426-2.jpg\",\"datePublished\":\"2026-04-23T20:52:41+00:00\",\"dateModified\":\"2026-05-05T12:55:44+00:00\",\"description\":\"Blog: conseils, adresses confidentielles et services pour louer un appartement meubl\u00e9 de luxe \u00e0 Paris. En savoir plus.\",\"breadcrumb\":{\"@id\":\"https:\\\/\\\/parisluxurystay.com\\\/blog\\\/#breadcrumb\"},\"inLanguage\":\"en-US\",\"potentialAction\":[{\"@type\":\"ReadAction\",\"target\":[\"https:\\\/\\\/parisluxurystay.com\\\/blog\\\/\"]}]},{\"@type\":\"ImageObject\",\"inLanguage\":\"en-US\",\"@id\":\"https:\\\/\\\/parisluxurystay.com\\\/blog\\\/#primaryimage\",\"url\":\"https:\\\/\\\/parisluxurystay.com\\\/wp-content\\\/uploads\\\/2026\\\/04\\\/appartement-richelieu-paris-home-sweet-home-mh9a8426-2.jpg\",\"contentUrl\":\"https:\\\/\\\/parisluxurystay.com\\\/wp-content\\\/uploads\\\/2026\\\/04\\\/appartement-richelieu-paris-home-sweet-home-mh9a8426-2.jpg\",\"width\":2200,\"height\":1467},{\"@type\":\"BreadcrumbList\",\"@id\":\"https:\\\/\\\/parisluxurystay.com\\\/blog\\\/#breadcrumb\",\"itemListElement\":[{\"@type\":\"ListItem\",\"position\":1,\"name\":\"Accueil\",\"item\":\"https:\\\/\\\/parisluxurystay.com\\\/\"},{\"@type\":\"ListItem\",\"position\":2,\"name\":\"Blog\"}]},{\"@type\":\"WebSite\",\"@id\":\"https:\\\/\\\/parisluxurystay.com\\\/#website\",\"url\":\"https:\\\/\\\/parisluxurystay.com\\\/\",\"name\":\"Paris Luxury Stay |\u00a0Home Sweet Home\",\"description\":\"\",\"publisher\":{\"@id\":\"https:\\\/\\\/parisluxurystay.com\\\/#organization\"},\"potentialAction\":[{\"@type\":\"SearchAction\",\"target\":{\"@type\":\"EntryPoint\",\"urlTemplate\":\"https:\\\/\\\/parisluxurystay.com\\\/?s={search_term_string}\"},\"query-input\":{\"@type\":\"PropertyValueSpecification\",\"valueRequired\":true,\"valueName\":\"search_term_string\"}}],\"inLanguage\":\"en-US\"},{\"@type\":\"Organization\",\"@id\":\"https:\\\/\\\/parisluxurystay.com\\\/#organization\",\"name\":\"Paris Luxury Stay |\u00a0Home Sweet Home\",\"url\":\"https:\\\/\\\/parisluxurystay.com\\\/\",\"logo\":{\"@type\":\"ImageObject\",\"inLanguage\":\"en-US\",\"@id\":\"https:\\\/\\\/parisluxurystay.com\\\/#\\\/schema\\\/logo\\\/image\\\/\",\"url\":\"https:\\\/\\\/parisluxurystay.com\\\/wp-content\\\/uploads\\\/2026\\\/02\\\/0.png\",\"contentUrl\":\"https:\\\/\\\/parisluxurystay.com\\\/wp-content\\\/uploads\\\/2026\\\/02\\\/0.png\",\"width\":1580,\"height\":825,\"caption\":\"Paris Luxury Stay |\u00a0Home Sweet Home\"},\"image\":{\"@id\":\"https:\\\/\\\/parisluxurystay.com\\\/#\\\/schema\\\/logo\\\/image\\\/\"}}]}<\/script>\n<!-- \/ Yoast SEO plugin. -->","yoast_head_json":{"title":"Blog | Paris Luxury Stay | Home Sweet Home","description":"Blog: tips, insider addresses and services for renting a luxury furnished apartment in Paris. Learn more.","robots":{"index":"index","follow":"follow","max-snippet":"max-snippet:-1","max-image-preview":"max-image-preview:large","max-video-preview":"max-video-preview:-1"},"canonical":"https:\/\/parisluxurystay.com\/en\/blog\/","og_locale":"en_US","og_type":"article","og_title":"Blog | Paris Luxury Stay |\u00a0Home Sweet Home","og_description":"Blog: conseils, adresses confidentielles et services pour louer un appartement meubl\u00e9 de luxe \u00e0 Paris. En savoir plus.","og_url":"https:\/\/parisluxurystay.com\/en\/blog\/","og_site_name":"Paris Luxury Stay |\u00a0Home Sweet Home","article_modified_time":"2026-05-05T12:55:44+00:00","og_image":[{"width":2200,"height":1467,"url":"https:\/\/parisluxurystay.com\/wp-content\/uploads\/2026\/04\/appartement-richelieu-paris-home-sweet-home-mh9a8426-2.jpg","type":"image\/jpeg"}],"twitter_card":"summary_large_image","twitter_misc":{"Est. reading time":"1 minute"},"schema":{"@context":"https:\/\/schema.org","@graph":[{"@type":"WebPage","@id":"https:\/\/parisluxurystay.com\/blog\/","url":"https:\/\/parisluxurystay.com\/blog\/","name":"Blog | Paris Luxury Stay | Home Sweet Home","isPartOf":{"@id":"https:\/\/parisluxurystay.com\/#website"},"primaryImageOfPage":{"@id":"https:\/\/parisluxurystay.com\/blog\/#primaryimage"},"image":{"@id":"https:\/\/parisluxurystay.com\/blog\/#primaryimage"},"thumbnailUrl":"https:\/\/parisluxurystay.com\/wp-content\/uploads\/2026\/04\/appartement-richelieu-paris-home-sweet-home-mh9a8426-2.jpg","datePublished":"2026-04-23T20:52:41+00:00","dateModified":"2026-05-05T12:55:44+00:00","description":"Blog: tips, insider addresses and services for renting a luxury furnished apartment in Paris. Learn more.","breadcrumb":{"@id":"https:\/\/parisluxurystay.com\/blog\/#breadcrumb"},"inLanguage":"en-US","potentialAction":[{"@type":"ReadAction","target":["https:\/\/parisluxurystay.com\/blog\/"]}]},{"@type":"ImageObject","inLanguage":"en-US","@id":"https:\/\/parisluxurystay.com\/blog\/#primaryimage","url":"https:\/\/parisluxurystay.com\/wp-content\/uploads\/2026\/04\/appartement-richelieu-paris-home-sweet-home-mh9a8426-2.jpg","contentUrl":"https:\/\/parisluxurystay.com\/wp-content\/uploads\/2026\/04\/appartement-richelieu-paris-home-sweet-home-mh9a8426-2.jpg","width":2200,"height":1467},{"@type":"BreadcrumbList","@id":"https:\/\/parisluxurystay.com\/blog\/#breadcrumb","itemListElement":[{"@type":"ListItem","position":1,"name":"Accueil","item":"https:\/\/parisluxurystay.com\/"},{"@type":"ListItem","position":2,"name":"Blog"}]},{"@type":"WebSite","@id":"https:\/\/parisluxurystay.com\/#website","url":"https:\/\/parisluxurystay.com\/","name":"Paris Luxury Stay | Home Sweet Home","description":"","publisher":{"@id":"https:\/\/parisluxurystay.com\/#organization"},"potentialAction":[{"@type":"SearchAction","target":{"@type":"EntryPoint","urlTemplate":"https:\/\/parisluxurystay.com\/?s={search_term_string}"},"query-input":{"@type":"PropertyValueSpecification","valueRequired":true,"valueName":"search_term_string"}}],"inLanguage":"en-US"},{"@type":"Organization","@id":"https:\/\/parisluxurystay.com\/#organization","name":"Paris Luxury Stay | Home Sweet Home","url":"https:\/\/parisluxurystay.com\/","logo":{"@type":"ImageObject","inLanguage":"en-US","@id":"https:\/\/parisluxurystay.com\/#\/schema\/logo\/image\/","url":"https:\/\/parisluxurystay.com\/wp-content\/uploads\/2026\/02\/0.png","contentUrl":"https:\/\/parisluxurystay.com\/wp-content\/uploads\/2026\/02\/0.png","width":1580,"height":825,"caption":"Paris Luxury Stay |\u00a0Home Sweet Home"},"image":{"@id":"https:\/\/parisluxurystay.com\/#\/schema\/logo\/image\/"}}]}},"_links":{"self":[{"href":"https:\/\/parisluxurystay.com\/en\/wp-json\/wp\/v2\/pages\/4305","targetHints":{"allow":["GET"]}}],"collection":[{"href":"https:\/\/parisluxurystay.com\/en\/wp-json\/wp\/v2\/pages"}],"about":[{"href":"https:\/\/parisluxurystay.com\/en\/wp-json\/wp\/v2\/types\/page"}],"author":[{"embeddable":true,"href":"https:\/\/parisluxurystay.com\/en\/wp-json\/wp\/v2\/users\/1"}],"replies":[{"embeddable":true,"href":"https:\/\/parisluxurystay.com\/en\/wp-json\/wp\/v2\/comments?post=4305"}],"version-history":[{"count":17,"href":"https:\/\/parisluxurystay.com\/en\/wp-json\/wp\/v2\/pages\/4305\/revisions"}],"predecessor-version":[{"id":4636,"href":"https:\/\/parisluxurystay.com\/en\/wp-json\/wp\/v2\/pages\/4305\/revisions\/4636"}],"wp:featuredmedia":[{"embeddable":true,"href":"https:\/\/parisluxurystay.com\/en\/wp-json\/wp\/v2\/media\/4223"}],"wp:attachment":[{"href":"https:\/\/parisluxurystay.com\/en\/wp-json\/wp\/v2\/media?parent=4305"}],"curies":[{"name":"wp","href":"https:\/\/api.w.org\/{rel}","templated":true}]}}