{"id":303,"date":"2026-02-27T10:09:50","date_gmt":"2026-02-27T09:09:50","guid":{"rendered":"https:\/\/parisluxurystay.com\/?page_id=303"},"modified":"2026-05-05T14:57:04","modified_gmt":"2026-05-05T12:57:04","slug":"reservation","status":"publish","type":"page","link":"https:\/\/parisluxurystay.com\/en\/reservation\/","title":{"rendered":"Booking"},"content":{"rendered":"<?xml encoding=\"utf-8\" ?><div data-elementor-type=\"wp-page\" data-elementor-id=\"303\" class=\"elementor elementor-303\" data-elementor-post-type=\"page\">\n\t\t\t\t<div class=\"elementor-element elementor-element-f347b48 elementor-hidden-desktop elementor-hidden-tablet elementor-hidden-mobile e-flex e-con-boxed e-con e-parent\" data-id=\"f347b48\" data-element_type=\"container\" data-e-type=\"container\">\n\t\t\t\t\t<div class=\"e-con-inner\">\n\t\t\t\t<div class=\"elementor-element elementor-element-918a256 elementor-widget elementor-widget-shortcode\" data-id=\"918a256\" data-element_type=\"widget\" data-e-type=\"widget\" data-widget_type=\"shortcode.default\">\n\t\t\t\t\t\t\t<div class=\"elementor-shortcode\">\t\t<div class=\"hsh-booking-page\">\n\t\t\t\t\t<form class=\"hsh-booking-bar hsh-booking-page__bar\" action=\"https:\/\/parisluxurystay.com\/en\/\" method=\"get\" data-trp-original-action=\"https:\/\/parisluxurystay.com\/en\/\">\n\t\t\t<div class=\"hsh-booking-bar__grid\">\n\t\t\t\t<label class=\"hsh-booking-bar__field\">\n\t\t\t\t\t<span>Arrival<\/span>\n\t\t\t\t\t<input type=\"date\" name=\"checkin\" required value=\"\">\n\t\t\t\t<\/label>\n\t\t\t\t<label class=\"hsh-booking-bar__field\">\n\t\t\t\t\t<span>Departure<\/span>\n\t\t\t\t\t<input type=\"date\" name=\"checkout\" required value=\"\">\n\t\t\t\t<\/label>\n\t\t\t\t<label class=\"hsh-booking-bar__field hsh-booking-bar__field--small\">\n\t\t\t\t\t<span>Adults<\/span>\n\t\t\t\t\t<input type=\"number\" min=\"1\" name=\"adults\" value=\"2\">\n\t\t\t\t<\/label>\n\t\t\t\t\t\t\t\t<label class=\"hsh-booking-bar__field hsh-booking-bar__field--small\">\n\t\t\t\t\t<span>Children<\/span>\n\t\t\t\t\t<input type=\"number\" min=\"0\" name=\"children\" value=\"0\">\n\t\t\t\t<\/label>\n\t\t\t\t\t\t\t\t<div class=\"hsh-booking-bar__actions\">\n\t\t\t\t\t<button type=\"submit\" class=\"hsh-booking-bar__submit\">Search<\/button>\n\t\t\t\t<\/div>\n\t\t\t<\/div>\n\t\t<input type=\"hidden\" name=\"trp-form-language\" value=\"en\"\/><\/form>\n\t\t\n\t\t\t\n\t\t\t\n\t\t\t\t\t\t\t<div class=\"hsh-booking-page__intro\">Choose your dates to display available apartments and continue with the booking.<\/div>\n\t\t\t\n\t\t\t\t\t<\/div>\n\t\t<\/div>\n\t\t\t\t\t\t<\/div>\n\t\t\t\t\t<\/div>\n\t\t\t\t<\/div>\n\t\t<div class=\"elementor-element elementor-element-4ccd0da e-flex e-con-boxed e-con e-parent\" data-id=\"4ccd0da\" data-element_type=\"container\" data-e-type=\"container\">\n\t\t\t\t\t<div class=\"e-con-inner\">\n\t\t\t\t<div class=\"elementor-element elementor-element-34aa1f2 elementor-widget elementor-widget-html\" data-id=\"34aa1f2\" data-element_type=\"widget\" data-e-type=\"widget\" data-no-translation=\"\" data-widget_type=\"html.default\">\n\t\t\t\t\t<style>.elementor-element-34aa1f2{display:none !important}<\/style>\t\t\t\t<\/div>\n\t\t\t\t<div class=\"elementor-element elementor-element-b61034d elementor-widget elementor-widget-html\" data-id=\"b61034d\" data-element_type=\"widget\" data-e-type=\"widget\" data-no-translation=\"\" data-widget_type=\"html.default\">\n\t\t\t\t\t<iframe id=\"guestyIframe\" style=\"width:100%; min-height: 2500px; border:0;\" loading=\"lazy\" referrerpolicy=\"strict-origin-when-cross-origin\"><\/iframe>\n\n\n<script>\n(function () {\n  const iframe = document.getElementById(\"guestyIframe\");\n  if (!iframe) return;\n\n  \/\/ &#9989; Base Guesty (tu peux changer \/en\/ si besoin)\n  const GUESTY_BASE = \"https:\/\/parisluxurystay.guestybookings.com\/en\/properties\";\n\n  \/\/ On garde tous les param&egrave;tres re&ccedil;us sur \/reservation\/?...\n  const params = new URLSearchParams(window.location.search);\n\n  \/\/ Optionnel : si tu veux forcer minOccupancy=1 par d&eacute;faut\n  if (!params.has(\"minOccupancy\")) params.set(\"minOccupancy\", \"1\");\n\n  \/\/ Construit l&rsquo;URL finale\n  const url = GUESTY_BASE + \"?\" + params.toString();\n\n  iframe.src = url;\n})();\n<\/script>\n\n\t\t\t\t<\/div>\n\t\t\t\t<div class=\"elementor-element elementor-element-32fcc9d elementor-widget elementor-widget-html\" data-id=\"32fcc9d\" data-element_type=\"widget\" data-e-type=\"widget\" data-no-translation=\"\" data-widget_type=\"html.default\">\n\t\t\t\t\t<style>.elementor-element-32fcc9d{display:none !important}<\/style>\t\t\t\t<\/div>\n\t\t\t\t\t<\/div>\n\t\t\t\t<\/div>\n\t\t\t\t<\/div>","protected":false},"excerpt":{"rendered":"","protected":false},"author":1,"featured_media":4185,"parent":0,"menu_order":0,"comment_status":"closed","ping_status":"closed","template":"","meta":{"footnotes":""},"class_list":["post-303","page","type-page","status-publish","has-post-thumbnail","hentry"],"yoast_head":"<!-- This site is optimized with the Yoast SEO plugin v27.5 - https:\/\/yoast.com\/product\/yoast-seo-wordpress\/ -->\n<title>R\u00e9servation | Paris Luxury Stay |\u00a0Home Sweet Home<\/title>\n<meta name=\"description\" content=\"R\u00e9servez un appartement meubl\u00e9 de luxe au c\u0153ur de Paris en direct. Disponibilit\u00e9s flexibles, standing et services inclus. R\u00e9servation\" \/>\n<meta name=\"robots\" content=\"index, follow, max-snippet:-1, max-image-preview:large, max-video-preview:-1\" \/>\n<link rel=\"canonical\" href=\"https:\/\/parisluxurystay.com\/en\/reservation\/\" \/>\n<meta property=\"og:locale\" content=\"en_US\" \/>\n<meta property=\"og:type\" content=\"article\" \/>\n<meta property=\"og:title\" content=\"R\u00e9servation | Paris Luxury Stay |\u00a0Home Sweet Home\" \/>\n<meta property=\"og:description\" content=\"R\u00e9servez un appartement meubl\u00e9 de luxe au c\u0153ur de Paris en direct. Disponibilit\u00e9s flexibles, standing et services inclus. R\u00e9servation\" \/>\n<meta property=\"og:url\" content=\"https:\/\/parisluxurystay.com\/en\/reservation\/\" \/>\n<meta property=\"og:site_name\" content=\"Paris Luxury Stay |\u00a0Home Sweet Home\" \/>\n<meta property=\"article:modified_time\" content=\"2026-05-05T12:57:04+00:00\" \/>\n<meta property=\"og:image\" content=\"https:\/\/parisluxurystay.com\/wp-content\/uploads\/2026\/04\/appartement-louvre-paris-home-sweet-home-mh9a8827.jpg\" \/>\n\t<meta property=\"og:image:width\" content=\"2200\" \/>\n\t<meta property=\"og:image:height\" content=\"1467\" \/>\n\t<meta property=\"og:image:type\" content=\"image\/jpeg\" \/>\n<meta name=\"twitter:card\" content=\"summary_large_image\" \/>\n<meta name=\"twitter:label1\" content=\"Est. reading time\" \/>\n\t<meta name=\"twitter:data1\" content=\"1 minute\" \/>\n<script type=\"application\/ld+json\" class=\"yoast-schema-graph\">{\"@context\":\"https:\\\/\\\/schema.org\",\"@graph\":[{\"@type\":\"WebPage\",\"@id\":\"https:\\\/\\\/parisluxurystay.com\\\/reservation\\\/\",\"url\":\"https:\\\/\\\/parisluxurystay.com\\\/reservation\\\/\",\"name\":\"R\u00e9servation | Paris Luxury Stay |\u00a0Home Sweet Home\",\"isPartOf\":{\"@id\":\"https:\\\/\\\/parisluxurystay.com\\\/#website\"},\"primaryImageOfPage\":{\"@id\":\"https:\\\/\\\/parisluxurystay.com\\\/reservation\\\/#primaryimage\"},\"image\":{\"@id\":\"https:\\\/\\\/parisluxurystay.com\\\/reservation\\\/#primaryimage\"},\"thumbnailUrl\":\"https:\\\/\\\/parisluxurystay.com\\\/wp-content\\\/uploads\\\/2026\\\/04\\\/appartement-louvre-paris-home-sweet-home-mh9a8827.jpg\",\"datePublished\":\"2026-02-27T09:09:50+00:00\",\"dateModified\":\"2026-05-05T12:57:04+00:00\",\"description\":\"R\u00e9servez un appartement meubl\u00e9 de luxe au c\u0153ur de Paris en direct. Disponibilit\u00e9s flexibles, standing et services inclus. R\u00e9servation\",\"breadcrumb\":{\"@id\":\"https:\\\/\\\/parisluxurystay.com\\\/reservation\\\/#breadcrumb\"},\"inLanguage\":\"en-US\",\"potentialAction\":[{\"@type\":\"ReadAction\",\"target\":[\"https:\\\/\\\/parisluxurystay.com\\\/reservation\\\/\"]}]},{\"@type\":\"ImageObject\",\"inLanguage\":\"en-US\",\"@id\":\"https:\\\/\\\/parisluxurystay.com\\\/reservation\\\/#primaryimage\",\"url\":\"https:\\\/\\\/parisluxurystay.com\\\/wp-content\\\/uploads\\\/2026\\\/04\\\/appartement-louvre-paris-home-sweet-home-mh9a8827.jpg\",\"contentUrl\":\"https:\\\/\\\/parisluxurystay.com\\\/wp-content\\\/uploads\\\/2026\\\/04\\\/appartement-louvre-paris-home-sweet-home-mh9a8827.jpg\",\"width\":2200,\"height\":1467},{\"@type\":\"BreadcrumbList\",\"@id\":\"https:\\\/\\\/parisluxurystay.com\\\/reservation\\\/#breadcrumb\",\"itemListElement\":[{\"@type\":\"ListItem\",\"position\":1,\"name\":\"Accueil\",\"item\":\"https:\\\/\\\/parisluxurystay.com\\\/\"},{\"@type\":\"ListItem\",\"position\":2,\"name\":\"R\u00e9servation\"}]},{\"@type\":\"WebSite\",\"@id\":\"https:\\\/\\\/parisluxurystay.com\\\/#website\",\"url\":\"https:\\\/\\\/parisluxurystay.com\\\/\",\"name\":\"Paris Luxury Stay |\u00a0Home Sweet Home\",\"description\":\"\",\"publisher\":{\"@id\":\"https:\\\/\\\/parisluxurystay.com\\\/#organization\"},\"potentialAction\":[{\"@type\":\"SearchAction\",\"target\":{\"@type\":\"EntryPoint\",\"urlTemplate\":\"https:\\\/\\\/parisluxurystay.com\\\/?s={search_term_string}\"},\"query-input\":{\"@type\":\"PropertyValueSpecification\",\"valueRequired\":true,\"valueName\":\"search_term_string\"}}],\"inLanguage\":\"en-US\"},{\"@type\":\"Organization\",\"@id\":\"https:\\\/\\\/parisluxurystay.com\\\/#organization\",\"name\":\"Paris Luxury Stay |\u00a0Home Sweet Home\",\"url\":\"https:\\\/\\\/parisluxurystay.com\\\/\",\"logo\":{\"@type\":\"ImageObject\",\"inLanguage\":\"en-US\",\"@id\":\"https:\\\/\\\/parisluxurystay.com\\\/#\\\/schema\\\/logo\\\/image\\\/\",\"url\":\"https:\\\/\\\/parisluxurystay.com\\\/wp-content\\\/uploads\\\/2026\\\/02\\\/0.png\",\"contentUrl\":\"https:\\\/\\\/parisluxurystay.com\\\/wp-content\\\/uploads\\\/2026\\\/02\\\/0.png\",\"width\":1580,\"height\":825,\"caption\":\"Paris Luxury Stay |\u00a0Home Sweet Home\"},\"image\":{\"@id\":\"https:\\\/\\\/parisluxurystay.com\\\/#\\\/schema\\\/logo\\\/image\\\/\"}}]}<\/script>\n<!-- \/ Yoast SEO plugin. -->","yoast_head_json":{"title":"Booking | Paris Luxury Stay |\u00a0Home Sweet Home","description":"Book a luxury furnished apartment in the heart of Paris directly. Flexible availability, high-end standards and included services. Booking","robots":{"index":"index","follow":"follow","max-snippet":"max-snippet:-1","max-image-preview":"max-image-preview:large","max-video-preview":"max-video-preview:-1"},"canonical":"https:\/\/parisluxurystay.com\/en\/reservation\/","og_locale":"en_US","og_type":"article","og_title":"R\u00e9servation | Paris Luxury Stay |\u00a0Home Sweet Home","og_description":"R\u00e9servez un appartement meubl\u00e9 de luxe au c\u0153ur de Paris en direct. Disponibilit\u00e9s flexibles, standing et services inclus. R\u00e9servation","og_url":"https:\/\/parisluxurystay.com\/en\/reservation\/","og_site_name":"Paris Luxury Stay |\u00a0Home Sweet Home","article_modified_time":"2026-05-05T12:57:04+00:00","og_image":[{"width":2200,"height":1467,"url":"https:\/\/parisluxurystay.com\/wp-content\/uploads\/2026\/04\/appartement-louvre-paris-home-sweet-home-mh9a8827.jpg","type":"image\/jpeg"}],"twitter_card":"summary_large_image","twitter_misc":{"Est. reading time":"1 minute"},"schema":{"@context":"https:\/\/schema.org","@graph":[{"@type":"WebPage","@id":"https:\/\/parisluxurystay.com\/reservation\/","url":"https:\/\/parisluxurystay.com\/reservation\/","name":"Booking | Paris Luxury Stay |\u00a0Home Sweet Home","isPartOf":{"@id":"https:\/\/parisluxurystay.com\/#website"},"primaryImageOfPage":{"@id":"https:\/\/parisluxurystay.com\/reservation\/#primaryimage"},"image":{"@id":"https:\/\/parisluxurystay.com\/reservation\/#primaryimage"},"thumbnailUrl":"https:\/\/parisluxurystay.com\/wp-content\/uploads\/2026\/04\/appartement-louvre-paris-home-sweet-home-mh9a8827.jpg","datePublished":"2026-02-27T09:09:50+00:00","dateModified":"2026-05-05T12:57:04+00:00","description":"Book a luxury furnished apartment in the heart of Paris directly. Flexible availability, high-end standards and included services. Booking","breadcrumb":{"@id":"https:\/\/parisluxurystay.com\/reservation\/#breadcrumb"},"inLanguage":"en-US","potentialAction":[{"@type":"ReadAction","target":["https:\/\/parisluxurystay.com\/reservation\/"]}]},{"@type":"ImageObject","inLanguage":"en-US","@id":"https:\/\/parisluxurystay.com\/reservation\/#primaryimage","url":"https:\/\/parisluxurystay.com\/wp-content\/uploads\/2026\/04\/appartement-louvre-paris-home-sweet-home-mh9a8827.jpg","contentUrl":"https:\/\/parisluxurystay.com\/wp-content\/uploads\/2026\/04\/appartement-louvre-paris-home-sweet-home-mh9a8827.jpg","width":2200,"height":1467},{"@type":"BreadcrumbList","@id":"https:\/\/parisluxurystay.com\/reservation\/#breadcrumb","itemListElement":[{"@type":"ListItem","position":1,"name":"Accueil","item":"https:\/\/parisluxurystay.com\/"},{"@type":"ListItem","position":2,"name":"R\u00e9servation"}]},{"@type":"WebSite","@id":"https:\/\/parisluxurystay.com\/#website","url":"https:\/\/parisluxurystay.com\/","name":"Paris Luxury Stay | Home Sweet Home","description":"","publisher":{"@id":"https:\/\/parisluxurystay.com\/#organization"},"potentialAction":[{"@type":"SearchAction","target":{"@type":"EntryPoint","urlTemplate":"https:\/\/parisluxurystay.com\/?s={search_term_string}"},"query-input":{"@type":"PropertyValueSpecification","valueRequired":true,"valueName":"search_term_string"}}],"inLanguage":"en-US"},{"@type":"Organization","@id":"https:\/\/parisluxurystay.com\/#organization","name":"Paris Luxury Stay | Home Sweet Home","url":"https:\/\/parisluxurystay.com\/","logo":{"@type":"ImageObject","inLanguage":"en-US","@id":"https:\/\/parisluxurystay.com\/#\/schema\/logo\/image\/","url":"https:\/\/parisluxurystay.com\/wp-content\/uploads\/2026\/02\/0.png","contentUrl":"https:\/\/parisluxurystay.com\/wp-content\/uploads\/2026\/02\/0.png","width":1580,"height":825,"caption":"Paris Luxury Stay |\u00a0Home Sweet Home"},"image":{"@id":"https:\/\/parisluxurystay.com\/#\/schema\/logo\/image\/"}}]}},"_links":{"self":[{"href":"https:\/\/parisluxurystay.com\/en\/wp-json\/wp\/v2\/pages\/303","targetHints":{"allow":["GET"]}}],"collection":[{"href":"https:\/\/parisluxurystay.com\/en\/wp-json\/wp\/v2\/pages"}],"about":[{"href":"https:\/\/parisluxurystay.com\/en\/wp-json\/wp\/v2\/types\/page"}],"author":[{"embeddable":true,"href":"https:\/\/parisluxurystay.com\/en\/wp-json\/wp\/v2\/users\/1"}],"replies":[{"embeddable":true,"href":"https:\/\/parisluxurystay.com\/en\/wp-json\/wp\/v2\/comments?post=303"}],"version-history":[{"count":45,"href":"https:\/\/parisluxurystay.com\/en\/wp-json\/wp\/v2\/pages\/303\/revisions"}],"predecessor-version":[{"id":4640,"href":"https:\/\/parisluxurystay.com\/en\/wp-json\/wp\/v2\/pages\/303\/revisions\/4640"}],"wp:featuredmedia":[{"embeddable":true,"href":"https:\/\/parisluxurystay.com\/en\/wp-json\/wp\/v2\/media\/4185"}],"wp:attachment":[{"href":"https:\/\/parisluxurystay.com\/en\/wp-json\/wp\/v2\/media?parent=303"}],"curies":[{"name":"wp","href":"https:\/\/api.w.org\/{rel}","templated":true}]}}