{"id":1741,"date":"2023-03-28T04:35:12","date_gmt":"2023-03-28T04:35:12","guid":{"rendered":"https:\/\/cozystay.loftocean.com\/apartment\/?page_id=206"},"modified":"2026-05-05T14:56:00","modified_gmt":"2026-05-05T12:56:00","slug":"contact","status":"publish","type":"page","link":"https:\/\/parisluxurystay.com\/en\/contact\/","title":{"rendered":"Contact"},"content":{"rendered":"<?xml encoding=\"utf-8\" ?><div data-elementor-type=\"wp-page\" data-elementor-id=\"1741\" class=\"elementor elementor-1741\" data-elementor-post-type=\"page\">\n\t\t\t\t\t\t<section class=\"elementor-section elementor-top-section elementor-element elementor-element-2977c87c elementor-section-height-min-height elementor-section-boxed elementor-section-height-default elementor-section-items-middle\" data-id=\"2977c87c\" data-element_type=\"section\" data-e-type=\"section\" data-settings='{\"background_background\":\"classic\"}'>\n\t\t\t\t\t\t\t<div class=\"elementor-background-overlay\"><\/div>\n\t\t\t\t\t\t\t<div class=\"elementor-container elementor-column-gap-no\">\n\t\t\t\t\t<div class=\"elementor-column elementor-col-100 elementor-top-column elementor-element elementor-element-784d8ad\" data-id=\"784d8ad\" data-element_type=\"column\" data-e-type=\"column\">\n\t\t\t<div class=\"elementor-widget-wrap\">\n\t\t\t\t\t\t\t<\/div>\n\t\t<\/div>\n\t\t\t\t\t<\/div>\n\t\t<\/section>\n\t\t\t\t<section class=\"elementor-section elementor-top-section elementor-element elementor-element-02b5c4f elementor-section-content-middle elementor-section-boxed elementor-section-height-default elementor-section-height-default elementor-invisible\" data-id=\"02b5c4f\" data-element_type=\"section\" data-e-type=\"section\" data-settings='{\"background_background\":\"classic\",\"animation\":\"fadeInUp\",\"animation_delay\":200}'>\n\t\t\t\t\t\t<div class=\"elementor-container elementor-column-gap-no\">\n\t\t\t\t\t<div class=\"elementor-column elementor-col-66 elementor-top-column elementor-element elementor-element-1e73da8\" data-id=\"1e73da8\" data-element_type=\"column\" data-e-type=\"column\">\n\t\t\t<div class=\"elementor-widget-wrap elementor-element-populated\">\n\t\t\t\t\t\t<div class=\"elementor-element elementor-element-46a0dbd elementor-widget elementor-widget-html\" data-id=\"46a0dbd\" data-element_type=\"widget\" data-e-type=\"widget\" data-widget_type=\"html.default\">\n\t\t\t\t\t<div class=\"eucc-media-placeholder\" data-eucc-src=\"https:\/\/www.google.com\/maps\/embed?pb=!1m14!1m8!1m3!1d24178.521577744956!2d-74.01044273403826!3d40.755091699999994!3m2!1i1024!2i768!4f13.1!3m3!1m2!1s0x89c25855c6480299%3A0x55194ec5a1ae072e!2sTimes%20Square!5e0!3m2!1sen!2sjp!4v1681831369115!5m2!1sen!2sjp\" data-eucc-iframe=\"PGlmcmFtZSBzcmM9Imh0dHBzOi8vd3d3Lmdvb2dsZS5jb20vbWFwcy9lbWJlZD9wYj0hMW0xNCExbTghMW0zITFkMjQxNzguNTIxNTc3NzQ0OTU2ITJkLTc0LjAxMDQ0MjczNDAzODI2ITNkNDAuNzU1MDkxNjk5OTk5OTk0ITNtMiExaTEwMjQhMmk3NjghNGYxMy4xITNtMyExbTIhMXMweDg5YzI1ODU1YzY0ODAyOTklM0EweDU1MTk0ZWM1YTFhZTA3MmUhMnNUaW1lcyUyMFNxdWFyZSE1ZTAhM20yITFzZW4hMnNqcCE0djE2ODE4MzEzNjkxMTUhNW0yITFzZW4hMnNqcCIgd2lkdGg9IjQwMCIgaGVpZ2h0PSI1ODAiIHN0eWxlPSJib3JkZXI6MDsiIGFsbG93ZnVsbHNjcmVlbj0iIiBsb2FkaW5nPSJsYXp5IiByZWZlcnJlcnBvbGljeT0ibm8tcmVmZXJyZXItd2hlbi1kb3duZ3JhZGUiPjwvaWZyYW1lPg==\"><div class=\"eucc-media-placeholder__msg\">This content is provided by a third-party service. To display it, please enable the \u00abExternal media\u00bb cookies.<\/div><button type=\"button\" class=\"eucc-btn eucc-btn--primary eucc-media-placeholder__btn\" data-eucc-action=\"enable-media\">Enable external media<\/button><\/div>\t\t\t\t<\/div>\n\t\t\t\t\t<\/div>\n\t\t<\/div>\n\t\t\t\t<div class=\"elementor-column elementor-col-33 elementor-top-column elementor-element elementor-element-202bc08\" data-id=\"202bc08\" data-element_type=\"column\" data-e-type=\"column\">\n\t\t\t<div class=\"elementor-widget-wrap\">\n\t\t\t\t\t\t\t<\/div>\n\t\t<\/div>\n\t\t\t\t\t<\/div>\n\t\t<\/section>\n\t\t\t\t<section class=\"elementor-section elementor-top-section elementor-element elementor-element-39bd2ca elementor-section-boxed elementor-section-height-default elementor-section-height-default\" data-id=\"39bd2ca\" data-element_type=\"section\" data-e-type=\"section\" data-settings='{\"background_background\":\"classic\"}'>\n\t\t\t\t\t\t\t<div class=\"elementor-background-overlay\"><\/div>\n\t\t\t\t\t\t\t<div class=\"elementor-container elementor-column-gap-no\">\n\t\t\t\t\t<div class=\"elementor-column elementor-col-100 elementor-top-column elementor-element elementor-element-4d1cd96\" data-id=\"4d1cd96\" data-element_type=\"column\" data-e-type=\"column\">\n\t\t\t<div class=\"elementor-widget-wrap elementor-element-populated\">\n\t\t\t\t\t\t<section class=\"elementor-section elementor-inner-section elementor-element elementor-element-e58912a elementor-section-boxed elementor-section-height-default elementor-section-height-default elementor-invisible\" data-id=\"e58912a\" data-element_type=\"section\" data-e-type=\"section\" data-settings='{\"animation\":\"fadeInUp\",\"animation_delay\":300}'>\n\t\t\t\t\t\t<div class=\"elementor-container elementor-column-gap-default\">\n\t\t\t\t\t<div class=\"elementor-column elementor-col-33 elementor-inner-column elementor-element elementor-element-1fbacb9\" data-id=\"1fbacb9\" data-element_type=\"column\" data-e-type=\"column\">\n\t\t\t<div class=\"elementor-widget-wrap elementor-element-populated\">\n\t\t\t\t\t\t<div class=\"elementor-element elementor-element-b154524 elementor-widget elementor-widget-counter\" data-id=\"b154524\" data-element_type=\"widget\" data-e-type=\"widget\" data-widget_type=\"counter.default\">\n\t\t\t\t\t\t\t<div class=\"elementor-counter\">\n\t\t\t<div class=\"elementor-counter-title\">Minutes<\/div>\t\t\t<div class=\"elementor-counter-number-wrapper\">\n\t\t\t\t<span class=\"elementor-counter-number-prefix\"><\/span>\n\t\t\t\t<span class=\"elementor-counter-number\" data-duration=\"2000\" data-to-value=\"60\" data-from-value=\"0\" data-delimiter=\",\">0<\/span>\n\t\t\t\t<span class=\"elementor-counter-number-suffix\"><\/span>\n\t\t\t<\/div>\n\t\t<\/div>\n\t\t\t\t\t\t<\/div>\n\t\t\t\t\t<\/div>\n\t\t<\/div>\n\t\t\t\t<div class=\"elementor-column elementor-col-33 elementor-inner-column elementor-element elementor-element-87f00c5\" data-id=\"87f00c5\" data-element_type=\"column\" data-e-type=\"column\">\n\t\t\t<div class=\"elementor-widget-wrap elementor-element-populated\">\n\t\t\t\t\t\t<div class=\"elementor-element elementor-element-586457c elementor-widget elementor-widget-counter\" data-id=\"586457c\" data-element_type=\"widget\" data-e-type=\"widget\" data-widget_type=\"counter.default\">\n\t\t\t\t\t\t\t<div class=\"elementor-counter\">\n\t\t\t<div class=\"elementor-counter-title\">Minutes<\/div>\t\t\t<div class=\"elementor-counter-number-wrapper\">\n\t\t\t\t<span class=\"elementor-counter-number-prefix\"><\/span>\n\t\t\t\t<span class=\"elementor-counter-number\" data-duration=\"2000\" data-to-value=\"45\" data-from-value=\"0\" data-delimiter=\",\">0<\/span>\n\t\t\t\t<span class=\"elementor-counter-number-suffix\"><\/span>\n\t\t\t<\/div>\n\t\t<\/div>\n\t\t\t\t\t\t<\/div>\n\t\t\t\t\t<\/div>\n\t\t<\/div>\n\t\t\t\t<div class=\"elementor-column elementor-col-33 elementor-inner-column elementor-element elementor-element-fc91e6b\" data-id=\"fc91e6b\" data-element_type=\"column\" data-e-type=\"column\">\n\t\t\t<div class=\"elementor-widget-wrap elementor-element-populated\">\n\t\t\t\t\t\t<div class=\"elementor-element elementor-element-d011773 elementor-widget elementor-widget-counter\" data-id=\"d011773\" data-element_type=\"widget\" data-e-type=\"widget\" data-widget_type=\"counter.default\">\n\t\t\t\t\t\t\t<div class=\"elementor-counter\">\n\t\t\t<div class=\"elementor-counter-title\">Minutes<\/div>\t\t\t<div class=\"elementor-counter-number-wrapper\">\n\t\t\t\t<span class=\"elementor-counter-number-prefix\"><\/span>\n\t\t\t\t<span class=\"elementor-counter-number\" data-duration=\"2000\" data-to-value=\"60\" data-from-value=\"0\" data-delimiter=\",\">0<\/span>\n\t\t\t\t<span class=\"elementor-counter-number-suffix\"><\/span>\n\t\t\t<\/div>\n\t\t<\/div>\n\t\t\t\t\t\t<\/div>\n\t\t\t\t\t<\/div>\n\t\t<\/div>\n\t\t\t\t\t<\/div>\n\t\t<\/section>\n\t\t\t\t\t<\/div>\n\t\t<\/div>\n\t\t\t\t\t<\/div>\n\t\t<\/section>\n\t\t\t\t<section class=\"elementor-section elementor-top-section elementor-element elementor-element-ea82f95 elementor-section-content-middle elementor-reverse-tablet elementor-reverse-mobile elementor-section-boxed elementor-section-height-default elementor-section-height-default elementor-invisible\" data-id=\"ea82f95\" data-element_type=\"section\" data-e-type=\"section\" data-settings='{\"background_background\":\"classic\",\"animation\":\"fadeInUp\",\"animation_delay\":300}'>\n\t\t\t\t\t\t<div class=\"elementor-container elementor-column-gap-no\">\n\t\t\t\t\t<div class=\"elementor-column elementor-col-33 elementor-top-column elementor-element elementor-element-7032069\" data-id=\"7032069\" data-element_type=\"column\" data-e-type=\"column\" data-settings='{\"background_background\":\"classic\"}'>\n\t\t\t<div class=\"elementor-widget-wrap\">\n\t\t\t\t\t\t\t<\/div>\n\t\t<\/div>\n\t\t\t\t<div class=\"elementor-column elementor-col-66 elementor-top-column elementor-element elementor-element-7bcdc74\" data-id=\"7bcdc74\" data-element_type=\"column\" data-e-type=\"column\" data-settings='{\"background_background\":\"classic\"}'>\n\t\t\t<div class=\"elementor-widget-wrap elementor-element-populated\">\n\t\t\t\t\t\t<div class=\"elementor-element elementor-element-5294c31 elementor-widget elementor-widget-spacer\" data-id=\"5294c31\" data-element_type=\"widget\" data-e-type=\"widget\" data-widget_type=\"spacer.default\">\n\t\t\t\t\t\t\t<div class=\"elementor-spacer\">\n\t\t\t<div class=\"elementor-spacer-inner\"><\/div>\n\t\t<\/div>\n\t\t\t\t\t\t<\/div>\n\t\t\t\t\t<\/div>\n\t\t<\/div>\n\t\t\t\t\t<\/div>\n\t\t<\/section>\n\t\t\t\t<\/div>","protected":false},"excerpt":{"rendered":"<p>Contact UsFor bookings and enquiries, please call us or write to us.Ce contenu est fourni par un service tiers. Pour l&rsquo;afficher, veuillez activer les cookies &laquo; M&eacute;dias externes &raquo;.Activer les m&eacute;dias externes ReservationDirect ReservationsEmail: reservations@cozystay.com Reservations Fax: 1.212.555-5555 Call: +1 212-555-6688Hotel AddressCozyStay City Apartments1250 West 6th Ave, New York, NY 10036, United States Facebook Twitter [&hellip;]<\/p>\n","protected":false},"author":1,"featured_media":4141,"parent":0,"menu_order":0,"comment_status":"closed","ping_status":"closed","template":"","meta":{"footnotes":""},"class_list":["post-1741","page","type-page","status-publish","has-post-thumbnail","hentry"],"yoast_head":"<!-- This site is optimized with the Yoast SEO plugin v27.5 - https:\/\/yoast.com\/product\/yoast-seo-wordpress\/ -->\n<title>Contact | Paris Luxury Stay |\u00a0Home Sweet Home<\/title>\n<meta name=\"description\" content=\"Contactez-nous pour r\u00e9servations et infos sur nos appartements meubl\u00e9s de luxe \u00e0 Paris. R\u00e9servation directe par t\u00e9l\u00e9phone ou email. En\" \/>\n<meta name=\"robots\" content=\"index, follow, max-snippet:-1, max-image-preview:large, max-video-preview:-1\" \/>\n<link rel=\"canonical\" href=\"https:\/\/parisluxurystay.com\/en\/contact\/\" \/>\n<meta property=\"og:locale\" content=\"en_US\" \/>\n<meta property=\"og:type\" content=\"article\" \/>\n<meta property=\"og:title\" content=\"Contact | Paris Luxury Stay |\u00a0Home Sweet Home\" \/>\n<meta property=\"og:description\" content=\"Contactez-nous pour r\u00e9servations et infos sur nos appartements meubl\u00e9s de luxe \u00e0 Paris. R\u00e9servation directe par t\u00e9l\u00e9phone ou email. En\" \/>\n<meta property=\"og:url\" content=\"https:\/\/parisluxurystay.com\/en\/contact\/\" \/>\n<meta property=\"og:site_name\" content=\"Paris Luxury Stay |\u00a0Home Sweet Home\" \/>\n<meta property=\"article:modified_time\" content=\"2026-05-05T12:56:00+00:00\" \/>\n<meta property=\"og:image\" content=\"https:\/\/parisluxurystay.com\/wp-content\/uploads\/2026\/04\/appartement-vendome-paris-home-sweet-home-mh9a8085.jpg\" \/>\n\t<meta property=\"og:image:width\" content=\"2200\" \/>\n\t<meta property=\"og:image:height\" content=\"1467\" \/>\n\t<meta property=\"og:image:type\" content=\"image\/jpeg\" \/>\n<meta name=\"twitter:card\" content=\"summary_large_image\" \/>\n<meta name=\"twitter:label1\" content=\"Est. reading time\" \/>\n\t<meta name=\"twitter:data1\" content=\"1 minute\" \/>\n<script type=\"application\/ld+json\" class=\"yoast-schema-graph\">{\"@context\":\"https:\\\/\\\/schema.org\",\"@graph\":[{\"@type\":\"WebPage\",\"@id\":\"https:\\\/\\\/parisluxurystay.com\\\/contact\\\/\",\"url\":\"https:\\\/\\\/parisluxurystay.com\\\/contact\\\/\",\"name\":\"Contact | Paris Luxury Stay |\u00a0Home Sweet Home\",\"isPartOf\":{\"@id\":\"https:\\\/\\\/parisluxurystay.com\\\/#website\"},\"primaryImageOfPage\":{\"@id\":\"https:\\\/\\\/parisluxurystay.com\\\/contact\\\/#primaryimage\"},\"image\":{\"@id\":\"https:\\\/\\\/parisluxurystay.com\\\/contact\\\/#primaryimage\"},\"thumbnailUrl\":\"https:\\\/\\\/parisluxurystay.com\\\/wp-content\\\/uploads\\\/2026\\\/04\\\/appartement-vendome-paris-home-sweet-home-mh9a8085.jpg\",\"datePublished\":\"2023-03-28T04:35:12+00:00\",\"dateModified\":\"2026-05-05T12:56:00+00:00\",\"description\":\"Contactez-nous pour r\u00e9servations et infos sur nos appartements meubl\u00e9s de luxe \u00e0 Paris. R\u00e9servation directe par t\u00e9l\u00e9phone ou email. En\",\"breadcrumb\":{\"@id\":\"https:\\\/\\\/parisluxurystay.com\\\/contact\\\/#breadcrumb\"},\"inLanguage\":\"en-US\",\"potentialAction\":[{\"@type\":\"ReadAction\",\"target\":[\"https:\\\/\\\/parisluxurystay.com\\\/contact\\\/\"]}]},{\"@type\":\"ImageObject\",\"inLanguage\":\"en-US\",\"@id\":\"https:\\\/\\\/parisluxurystay.com\\\/contact\\\/#primaryimage\",\"url\":\"https:\\\/\\\/parisluxurystay.com\\\/wp-content\\\/uploads\\\/2026\\\/04\\\/appartement-vendome-paris-home-sweet-home-mh9a8085.jpg\",\"contentUrl\":\"https:\\\/\\\/parisluxurystay.com\\\/wp-content\\\/uploads\\\/2026\\\/04\\\/appartement-vendome-paris-home-sweet-home-mh9a8085.jpg\",\"width\":2200,\"height\":1467},{\"@type\":\"BreadcrumbList\",\"@id\":\"https:\\\/\\\/parisluxurystay.com\\\/contact\\\/#breadcrumb\",\"itemListElement\":[{\"@type\":\"ListItem\",\"position\":1,\"name\":\"Accueil\",\"item\":\"https:\\\/\\\/parisluxurystay.com\\\/\"},{\"@type\":\"ListItem\",\"position\":2,\"name\":\"Contact\"}]},{\"@type\":\"WebSite\",\"@id\":\"https:\\\/\\\/parisluxurystay.com\\\/#website\",\"url\":\"https:\\\/\\\/parisluxurystay.com\\\/\",\"name\":\"Paris Luxury Stay |\u00a0Home Sweet Home\",\"description\":\"\",\"publisher\":{\"@id\":\"https:\\\/\\\/parisluxurystay.com\\\/#organization\"},\"potentialAction\":[{\"@type\":\"SearchAction\",\"target\":{\"@type\":\"EntryPoint\",\"urlTemplate\":\"https:\\\/\\\/parisluxurystay.com\\\/?s={search_term_string}\"},\"query-input\":{\"@type\":\"PropertyValueSpecification\",\"valueRequired\":true,\"valueName\":\"search_term_string\"}}],\"inLanguage\":\"en-US\"},{\"@type\":\"Organization\",\"@id\":\"https:\\\/\\\/parisluxurystay.com\\\/#organization\",\"name\":\"Paris Luxury Stay |\u00a0Home Sweet Home\",\"url\":\"https:\\\/\\\/parisluxurystay.com\\\/\",\"logo\":{\"@type\":\"ImageObject\",\"inLanguage\":\"en-US\",\"@id\":\"https:\\\/\\\/parisluxurystay.com\\\/#\\\/schema\\\/logo\\\/image\\\/\",\"url\":\"https:\\\/\\\/parisluxurystay.com\\\/wp-content\\\/uploads\\\/2026\\\/02\\\/0.png\",\"contentUrl\":\"https:\\\/\\\/parisluxurystay.com\\\/wp-content\\\/uploads\\\/2026\\\/02\\\/0.png\",\"width\":1580,\"height\":825,\"caption\":\"Paris Luxury Stay |\u00a0Home Sweet Home\"},\"image\":{\"@id\":\"https:\\\/\\\/parisluxurystay.com\\\/#\\\/schema\\\/logo\\\/image\\\/\"}}]}<\/script>\n<!-- \/ Yoast SEO plugin. -->","yoast_head_json":{"title":"Contact | Paris Luxury Stay |\u00a0Home Sweet Home","description":"Contact us for reservations and information about our luxury furnished apartments in Paris. Direct booking by phone or email. In","robots":{"index":"index","follow":"follow","max-snippet":"max-snippet:-1","max-image-preview":"max-image-preview:large","max-video-preview":"max-video-preview:-1"},"canonical":"https:\/\/parisluxurystay.com\/en\/contact\/","og_locale":"en_US","og_type":"article","og_title":"Contact | Paris Luxury Stay |\u00a0Home Sweet Home","og_description":"Contactez-nous pour r\u00e9servations et infos sur nos appartements meubl\u00e9s de luxe \u00e0 Paris. R\u00e9servation directe par t\u00e9l\u00e9phone ou email. En","og_url":"https:\/\/parisluxurystay.com\/en\/contact\/","og_site_name":"Paris Luxury Stay |\u00a0Home Sweet Home","article_modified_time":"2026-05-05T12:56:00+00:00","og_image":[{"width":2200,"height":1467,"url":"https:\/\/parisluxurystay.com\/wp-content\/uploads\/2026\/04\/appartement-vendome-paris-home-sweet-home-mh9a8085.jpg","type":"image\/jpeg"}],"twitter_card":"summary_large_image","twitter_misc":{"Est. reading time":"1 minute"},"schema":{"@context":"https:\/\/schema.org","@graph":[{"@type":"WebPage","@id":"https:\/\/parisluxurystay.com\/contact\/","url":"https:\/\/parisluxurystay.com\/contact\/","name":"Contact | Paris Luxury Stay |\u00a0Home Sweet Home","isPartOf":{"@id":"https:\/\/parisluxurystay.com\/#website"},"primaryImageOfPage":{"@id":"https:\/\/parisluxurystay.com\/contact\/#primaryimage"},"image":{"@id":"https:\/\/parisluxurystay.com\/contact\/#primaryimage"},"thumbnailUrl":"https:\/\/parisluxurystay.com\/wp-content\/uploads\/2026\/04\/appartement-vendome-paris-home-sweet-home-mh9a8085.jpg","datePublished":"2023-03-28T04:35:12+00:00","dateModified":"2026-05-05T12:56:00+00:00","description":"Contact us for reservations and information about our luxury furnished apartments in Paris. Direct booking by phone or email. In","breadcrumb":{"@id":"https:\/\/parisluxurystay.com\/contact\/#breadcrumb"},"inLanguage":"en-US","potentialAction":[{"@type":"ReadAction","target":["https:\/\/parisluxurystay.com\/contact\/"]}]},{"@type":"ImageObject","inLanguage":"en-US","@id":"https:\/\/parisluxurystay.com\/contact\/#primaryimage","url":"https:\/\/parisluxurystay.com\/wp-content\/uploads\/2026\/04\/appartement-vendome-paris-home-sweet-home-mh9a8085.jpg","contentUrl":"https:\/\/parisluxurystay.com\/wp-content\/uploads\/2026\/04\/appartement-vendome-paris-home-sweet-home-mh9a8085.jpg","width":2200,"height":1467},{"@type":"BreadcrumbList","@id":"https:\/\/parisluxurystay.com\/contact\/#breadcrumb","itemListElement":[{"@type":"ListItem","position":1,"name":"Accueil","item":"https:\/\/parisluxurystay.com\/"},{"@type":"ListItem","position":2,"name":"Contact"}]},{"@type":"WebSite","@id":"https:\/\/parisluxurystay.com\/#website","url":"https:\/\/parisluxurystay.com\/","name":"Paris Luxury Stay | Home Sweet Home","description":"","publisher":{"@id":"https:\/\/parisluxurystay.com\/#organization"},"potentialAction":[{"@type":"SearchAction","target":{"@type":"EntryPoint","urlTemplate":"https:\/\/parisluxurystay.com\/?s={search_term_string}"},"query-input":{"@type":"PropertyValueSpecification","valueRequired":true,"valueName":"search_term_string"}}],"inLanguage":"en-US"},{"@type":"Organization","@id":"https:\/\/parisluxurystay.com\/#organization","name":"Paris Luxury Stay | Home Sweet Home","url":"https:\/\/parisluxurystay.com\/","logo":{"@type":"ImageObject","inLanguage":"en-US","@id":"https:\/\/parisluxurystay.com\/#\/schema\/logo\/image\/","url":"https:\/\/parisluxurystay.com\/wp-content\/uploads\/2026\/02\/0.png","contentUrl":"https:\/\/parisluxurystay.com\/wp-content\/uploads\/2026\/02\/0.png","width":1580,"height":825,"caption":"Paris Luxury Stay |\u00a0Home Sweet Home"},"image":{"@id":"https:\/\/parisluxurystay.com\/#\/schema\/logo\/image\/"}}]}},"_links":{"self":[{"href":"https:\/\/parisluxurystay.com\/en\/wp-json\/wp\/v2\/pages\/1741","targetHints":{"allow":["GET"]}}],"collection":[{"href":"https:\/\/parisluxurystay.com\/en\/wp-json\/wp\/v2\/pages"}],"about":[{"href":"https:\/\/parisluxurystay.com\/en\/wp-json\/wp\/v2\/types\/page"}],"author":[{"embeddable":true,"href":"https:\/\/parisluxurystay.com\/en\/wp-json\/wp\/v2\/users\/1"}],"replies":[{"embeddable":true,"href":"https:\/\/parisluxurystay.com\/en\/wp-json\/wp\/v2\/comments?post=1741"}],"version-history":[{"count":1,"href":"https:\/\/parisluxurystay.com\/en\/wp-json\/wp\/v2\/pages\/1741\/revisions"}],"predecessor-version":[{"id":4637,"href":"https:\/\/parisluxurystay.com\/en\/wp-json\/wp\/v2\/pages\/1741\/revisions\/4637"}],"wp:featuredmedia":[{"embeddable":true,"href":"https:\/\/parisluxurystay.com\/en\/wp-json\/wp\/v2\/media\/4141"}],"wp:attachment":[{"href":"https:\/\/parisluxurystay.com\/en\/wp-json\/wp\/v2\/media?parent=1741"}],"curies":[{"name":"wp","href":"https:\/\/api.w.org\/{rel}","templated":true}]}}